{"id":12,"date":"2022-04-19T07:40:14","date_gmt":"2022-04-19T07:40:14","guid":{"rendered":"http:\/\/www.orneksrc.com\/b1\/?page_id=12"},"modified":"2022-04-19T07:41:24","modified_gmt":"2022-04-19T07:41:24","slug":"gizlilik-politikasi","status":"publish","type":"page","link":"https:\/\/www.orneksrc.com\/b1\/gizlilik-politikasi\/","title":{"rendered":"Gizlilik Politikas\u0131"},"content":{"rendered":"<p>\u0130\u015fbu Gizlilik Politikas\u0131\u2019n\u0131n amac\u0131, <strong>\u00d6zel Kumlu E\u011fitim Kurumlar\u0131<\/strong> (\u201c\u015eirket\u201d) taraf\u0131ndan i\u015fletilen <strong>www.kumlu.com.tr<\/strong> internet sitesinin (\u201cSite\u201d) i\u015fletilmesi s\u0131ras\u0131nda<br \/>\nSite kullan\u0131c\u0131lar\u0131\/ziyaret\u00e7ileri (\u201cVeri Sahibi\u201d)taraf\u0131ndan \u015eirket ile payla\u015f\u0131lan veya \u015eirket\u2019in, Veri Sahibi\u2019nin Site\u2019yi kullan\u0131m\u0131 s\u0131ras\u0131nda payla\u015ft\u0131\u011f\u0131<br \/>\nki\u015fisel verilerin i\u015flenerek muhafaza edilmesini i\u015fbu Gizlilik Politikas\u0131 kapsam\u0131nda y\u00fcr\u00fctmektedir.<\/p>\n<p>Bu kapsamda, \u015eirket, web sitesinde yer alan sayfalar\u0131, g\u00f6rselleri ve ba\u011flant\u0131lar\u0131 tek tarafl\u0131 ve \u00f6nceden haber vermeden de\u011fi\u015ftirme, d\u00fczeltme ve\/veya sona erdirme hakk\u0131na sahiptir.<\/p>\n<p>Ayr\u0131ca, belirtmek gerekir ki taray\u0131c\u0131 ayarlar\u0131 yoluyla \u00e7erez kullan\u0131m\u0131n\u0131 her zaman d\u00fczenleyebilirsiniz.<\/p>\n<p><strong>\u0130\u015flenebilecek Ki\u015fisel Veriler<\/strong><\/p>\n<p>\u015eirketimiz ile ili\u015fkili t\u00fcm \u015fah\u0131slara ait ki\u015fisel veri niteli\u011fi addedilen ve Ki\u015fisel Verilerin Korunmas\u0131 Kanunu (\u201cKVKK\u201d) uyar\u0131nca da<br \/>\n\u201cki\u015fisel veri\u201d kabul edilen t\u00fcm veriler KVKK\u2019ya uygun olarak i\u015flenerek muhafaza edilmektedir.<\/p>\n<p><strong>Veri G\u00fcvenli\u011fi<\/strong><\/p>\n<p>Web sitemiz ile ilgili veri sorumlusunun kimli\u011fi, ki\u015fisel veri i\u015fleme ama\u00e7lar\u0131m\u0131z, toplama y\u00f6ntemlerimiz, kimlere aktar\u0131ld\u0131\u011f\u0131 gibi bilgiler<br \/>\nWeb Sitesi Ayd\u0131nlatma Metnimizde yer almaktad\u0131r. \u00c7erez Politikam\u0131za [buradan] ve \u015firketimizin Ki\u015fisel Verilerin Korunmas\u0131 ve \u0130\u015flenmesi Politikas\u0131na [buradan] ula\u015fabilirsiniz.<\/p>\n<p>\u015eirketimiz KVKK kapsam\u0131nda veri g\u00fcvenli\u011fine ili\u015fkin belirlenmi\u015f uygun teknik ve idari tedbirleri almaktad\u0131r.<\/p>\n<p>Ki\u015fisel verilerin korunmas\u0131 ile ilgili metinlerimizde de\u011fi\u015fikliklerin ya\u015fanmas\u0131 halinde i\u015fbu metinler web sitemizde en g\u00fcncel haliyle yeniden ilan edilecektir.<\/p>\n<p>Web sitemizde yer alan \u00fcr\u00fcn, hizmet veya malzeme bilgileri gibi bizlere ait g\u00f6rsellerin yasal telif haklar\u0131 \u015firketimize ait olup<br \/>\nbunlar\u0131n \u015firketimizin izni olmadan \u00e7o\u011falt\u0131lmas\u0131, kopyalanmas\u0131, de\u011fi\u015ftirilmesi veya herhangi bir ticari ba\u015fka ama\u00e7la kullan\u0131lmas\u0131 yasakt\u0131r.<\/p>\n<p>Web sitemizin kullan\u0131lmas\u0131 esnas\u0131nda sistemsel veya cihaz performans\u0131n\u0131za ili\u015fkin hata ve ar\u0131zalar, kesintiler,<br \/>\nbilgisayar vir\u00fcs\u00fc veya sunucu hatas\u0131 gibi do\u011frudan veya dolayl\u0131 ortaya \u00e7\u0131kabilecek hi\u00e7bir zarar veya masraftan dolay\u0131 \u015firketimiz sorumlu tutulamaz.<\/p>\n","protected":false},"excerpt":{"rendered":"<p>\u0130\u015fbu Gizlilik Politikas\u0131\u2019n\u0131n amac\u0131, \u00d6zel Kumlu E\u011fitim Kurumlar\u0131 (\u201c\u015eirket\u201d) taraf\u0131ndan i\u015fletilen www.kumlu.com.tr internet sitesinin (\u201cSite\u201d) [&hellip;]<\/p>\n","protected":false},"author":1,"featured_media":0,"parent":0,"menu_order":0,"comment_status":"closed","ping_status":"closed","template":"","meta":{"footnotes":""},"class_list":["post-12","page","type-page","status-publish","hentry"],"_links":{"self":[{"href":"https:\/\/www.orneksrc.com\/b1\/wp-json\/wp\/v2\/pages\/12","targetHints":{"allow":["GET"]}}],"collection":[{"href":"https:\/\/www.orneksrc.com\/b1\/wp-json\/wp\/v2\/pages"}],"about":[{"href":"https:\/\/www.orneksrc.com\/b1\/wp-json\/wp\/v2\/types\/page"}],"author":[{"embeddable":true,"href":"https:\/\/www.orneksrc.com\/b1\/wp-json\/wp\/v2\/users\/1"}],"replies":[{"embeddable":true,"href":"https:\/\/www.orneksrc.com\/b1\/wp-json\/wp\/v2\/comments?post=12"}],"version-history":[{"count":3,"href":"https:\/\/www.orneksrc.com\/b1\/wp-json\/wp\/v2\/pages\/12\/revisions"}],"predecessor-version":[{"id":7672,"href":"https:\/\/www.orneksrc.com\/b1\/wp-json\/wp\/v2\/pages\/12\/revisions\/7672"}],"wp:attachment":[{"href":"https:\/\/www.orneksrc.com\/b1\/wp-json\/wp\/v2\/media?parent=12"}],"curies":[{"name":"wp","href":"https:\/\/api.w.org\/{rel}","templated":true}]}}