{"id":5724,"date":"2018-10-22T13:45:37","date_gmt":"2018-10-22T13:45:37","guid":{"rendered":"https:\/\/www.ekko-wp.com\/?page_id=5724"},"modified":"2022-04-18T21:54:07","modified_gmt":"2022-04-18T21:54:07","slug":"kurumsal","status":"publish","type":"page","link":"https:\/\/www.orneksrc.com\/b1\/kurumsal\/","title":{"rendered":"Kurumsal"},"content":{"rendered":"<div class=\"wpb-content-wrapper\"><p>[vc_row full_width=&#8221;stretch_row&#8221; video_bg=&#8221;yes&#8221; video_bg_url=&#8221;https:\/\/www.youtube.com\/watch?v=vM7wj93U5yY&#8221; kd_image_overlay_color=&#8221;rgba(0,0,0,0.7)&#8221; kd_image_overlay=&#8221;true&#8221; css=&#8221;.vc_custom_1650272579241{padding-top: 260px !important;padding-bottom: 200px !important;background-image: url(http:\/\/www.orneksrc.com\/b1\/wp-content\/uploads\/2022\/04\/kurumsal-yeni-gorsel.jpg?id=7541) !important;}&#8221;][vc_column css=&#8221;.vc_custom_1513003956648{padding-top: 0px !important;}&#8221;][vc_row_inner][vc_column_inner width=&#8221;1\/6&#8243; css=&#8221;.vc_custom_1513004658055{padding-top: 50px !important;padding-left: 0px !important;}&#8221;][\/vc_column_inner][vc_column_inner width=&#8221;2\/3&#8243; css=&#8221;.vc_custom_1513008591637{padding-right: 0px !important;padding-left: 0px !important;}&#8221;]<div class=\"kd-text-rotator kd-rotatorid-69d07ddc0589e text-center  \"><div class=\"kd-text-rotator-container\"><h2 class=\"rotator-single kd-rotator-item-1 \" style=\" color: #ffffff; font-size: 60px;\">Kaliteli<\/h2><h2 class=\"rotator-single kd-rotator-item-2 \" style=\" color: #ffffff; font-size: 60px;\">E\u011fitime<\/h2><h2 class=\"rotator-single kd-rotator-item-3 \" style=\" color: #ffffff; font-size: 60px;\">A\u00e7\u0131lan Pencereniz<\/h2><h2 class=\"rotator-single kd-rotator-item-4 last\" style=\"transition: all 0.5s 4.25s; color: #ffffff; font-size: 60px;\">Kumlu E\u011fitim Kurumlar\u0131<\/h2><\/div><\/div>[\/vc_column_inner][vc_column_inner width=&#8221;1\/6&#8243;][\/vc_column_inner][\/vc_row_inner][\/vc_column][\/vc_row][vc_row full_width=&#8221;stretch_row&#8221; parallax=&#8221;content-moving&#8221; css=&#8221;.vc_custom_1539607787552{padding-top: 100px !important;padding-bottom: 85px !important;}&#8221;][vc_column][vc_row_inner][vc_column_inner width=&#8221;1\/3&#8243; offset=&#8221;vc_col-lg-4 vc_col-md-12&#8243; css=&#8221;.vc_custom_1539607714286{padding-right: 50px !important;padding-left: 0px !important;}&#8221;]<header class=\"kd-section-title col-lg-12 text-left  kd-animated fadeIn   vc_custom_1650012623740\" data-animation-delay=200><h2 class=\"separator_off\" >\u00d6zel Kumlu E\u011fitim Kurumlar\u0131<\/h2><\/header>[\/vc_column_inner][vc_column_inner width=&#8221;1\/3&#8243; offset=&#8221;vc_col-lg-4 vc_col-md-6&#8243;][vc_custom_heading text=&#8221;Kumlu E\u011fitim Kurumlar\u0131, Mesleki e\u011fitim sekt\u00f6r\u00fcn \u00f6nc\u00fc kurulu\u015flar\u0131 aras\u0131nda yerini alm\u0131\u015ft\u0131r. Src, Psikoteknik, Ody, \u00dcdy, G S\u0131n\u0131f\u0131 \u0130\u015fmakinesi, Tmgd, Kaynak\u00e7\u0131l\u0131k Sertifikas\u0131 ve sanayi alan\u0131n\u0131n ihtiya\u00e7lar\u0131 aras\u0131nda yer alan bir\u00e7ok mesleki e\u011fitim kursumuz ile kursiyerlerimize \u2018\u2019 Kaliteli E\u011fitime A\u00e7\u0131lan Pencereniz \u2018\u2019 slogan\u0131 do\u011frultusunda e\u011fitim sunuyoruz.&#8221; font_container=&#8221;tag:h6|font_size:16px|text_align:left&#8221; use_theme_fonts=&#8221;yes&#8221; css_animation=&#8221;fadeIn&#8221;][\/vc_column_inner][vc_column_inner width=&#8221;1\/3&#8243; offset=&#8221;vc_col-lg-4 vc_col-md-6&#8243;][vc_custom_heading text=&#8221;Kursiyerlerimiz derslerini konusunda uzman e\u011fitimciler taraf\u0131ndan almakta olup, Kumlu E\u011fitim Kurumlar\u0131 y\u00fcksek ba\u015far\u0131 ortalamas\u0131n\u0131 \u00f6nemsemekte ve bu bilin\u00e7le e\u011fitim hizmeti vermektedir.&#8221; font_container=&#8221;tag:h6|font_size:16px|text_align:left&#8221; use_theme_fonts=&#8221;yes&#8221; css_animation=&#8221;fadeIn&#8221;][\/vc_column_inner][\/vc_row_inner][vc_row_inner disable_element=&#8221;yes&#8221; css=&#8221;.vc_custom_1650293584402{margin-top: 45px !important;border-top-width: 1px !important;padding-top: 55px !important;border-top-color: rgba(132,132,132,0.15) !important;border-top-style: solid !important;}&#8221;][vc_column_inner width=&#8221;1\/4&#8243;]<div class=\"key-icon-box icon-default icon-top cont-center ib-no-effect  kd-animated fadeInUp\" style=\"background-color: transparent;\" data-animation-delay=200><i class=\"iconsmind-Chemical-2\" style=\" \"><\/i> <h6 class=\"service-heading\" >Build anything<\/h6><\/div>[\/vc_column_inner][vc_column_inner width=&#8221;1\/4&#8243;]<div class=\"key-icon-box icon-default icon-top cont-center ib-no-effect  kd-animated fadeInUp\" style=\"background-color: transparent;\" data-animation-delay=200><i class=\"iconsmind-Leo-2\" style=\" \"><\/i> <h6 class=\"service-heading\" >Fast loading<\/h6><\/div>[\/vc_column_inner][vc_column_inner width=&#8221;1\/4&#8243;]<div class=\"key-icon-box icon-default icon-top cont-center ib-no-effect  kd-animated fadeInUp\" style=\"background-color: transparent;\" data-animation-delay=200><i class=\"iconsmind-Crown\" style=\" \"><\/i> <h6 class=\"service-heading\" >Premium design<\/h6><\/div>[\/vc_column_inner][vc_column_inner width=&#8221;1\/4&#8243;]<div class=\"key-icon-box icon-default icon-top cont-center ib-no-effect  kd-animated fadeInUp\" style=\"background-color: transparent;\" data-animation-delay=200><i class=\"iconsmind-Duplicate-Window\" style=\" \"><\/i> <h6 class=\"service-heading\" >Block builder<\/h6><\/div>[\/vc_column_inner][\/vc_row_inner][\/vc_column][\/vc_row][vc_row][vc_column][vc_column_text]<\/p>\n<p>&nbsp;<\/p>\n<p>[\/vc_column_text][\/vc_column][\/vc_row][vc_row full_width=&#8221;stretch_row_content_no_spaces&#8221; css=&#8221;.vc_custom_1555660737714{background-color: #f5f5f5 !important;}&#8221;][vc_column width=&#8221;1\/2&#8243; css=&#8221;.vc_custom_1522232960942{padding-top: 0px !important;}&#8221; offset=&#8221;vc_col-lg-6 vc_col-md-12&#8243;][vc_row_inner css=&#8221;.vc_custom_1555661209494{padding-top: 179px !important;padding-bottom: 179px !important;background: #00bd8e url(https:\/\/www.ekko-wp.com\/wp-content\/uploads\/sites\/3\/2019\/04\/startup6.jpg?id=) !important;background-position: center !important;background-repeat: no-repeat !important;background-size: cover !important;}&#8221;][vc_column_inner css=&#8221;.vc_custom_1511789291663{padding-top: 0px !important;padding-bottom: 0px !important;}&#8221;][vc_empty_space height=&#8221;85px&#8221;]<div class=\"video-container play-button-center\" ><a data-toggle=\"modal\" data-target=\"#video-modal-kd-video-modal-69d07ddc05a63\" data-src=\"https:\/\/www.youtube.com\/embed\/ly939bnZUrE\" data-backdrop=\"true\" class=\"play-btn-primary-color\"><span class=\"play-video\"><span class=\"fas fa-play\"><\/span><\/span><\/a><\/div><div class=\"modal fade video-modal\" id=\"video-modal-kd-video-modal-69d07ddc05a63\" role=\"dialog\">\n                            <div class=\"modal-content\">\n                            <button type=\"button\" class=\"close\" data-dismiss=\"modal\">\u00d7<\/button>\n                            <div class=\"row\"><iframe width=\"1024\" height=\"576\" webkitallowfullscreen mozallowfullscreen allowfullscreen><\/iframe><\/div>\n                            <\/div>\n                        <\/div>[vc_empty_space height=&#8221;85px&#8221;][\/vc_column_inner][\/vc_row_inner][\/vc_column][vc_column width=&#8221;1\/2&#8243; offset=&#8221;vc_col-lg-6 vc_col-md-12 vc_col-xs-12&#8243;][vc_row_inner css=&#8221;.vc_custom_1555661163983{padding-top: 185px !important;padding-bottom: 175px !important;padding-left: 150px !important;}&#8221;][vc_column_inner width=&#8221;2\/3&#8243; offset=&#8221;vc_col-lg-offset-0 vc_col-lg-8 vc_col-md-offset-0 vc_col-md-11 vc_col-sm-offset-2&#8243;]<header class=\"kd-section-title col-lg-12 text-left  kd-animated fadeIn  \" data-animation-delay=200><h2 class=\"separator_off\" >Bizleri yak\u0131ndan tan\u0131y\u0131n<\/h2><h6 class=\"subtitle \" >\u00d6zel Kumlu E\u011fitim Kurumlar\u0131 olarak, alan\u0131nda uzman e\u011fitmenlerle \u00e7al\u0131\u015f\u0131yor ve m\u00fcfredata g\u00f6re en yeni bilgileri aktar\u0131yoruz.<\/h6><\/header>[vc_empty_space height=&#8221;15px&#8221;][\/vc_column_inner][vc_column_inner width=&#8221;1\/3&#8243;][\/vc_column_inner][\/vc_row_inner][\/vc_column][\/vc_row][vc_row full_width=&#8221;stretch_row_content_no_spaces&#8221; css=&#8221;.vc_custom_1539608253257{background-color: #f5f5f5 !important;}&#8221;][vc_column width=&#8221;1\/2&#8243; offset=&#8221;vc_col-lg-6 vc_col-md-12&#8243;][vc_row_inner css=&#8221;.vc_custom_1516103626504{padding-top: 120px !important;}&#8221;][vc_column_inner width=&#8221;1\/4&#8243; offset=&#8221;vc_hidden-xs&#8221;][\/vc_column_inner][vc_column_inner width=&#8221;1\/2&#8243; css=&#8221;.vc_custom_1522316169853{padding-bottom: 50px !important;}&#8221;]<header class=\"kd-section-title col-lg-12 text-left  kd-animated fadeIn  \" data-animation-delay=200><h2 class=\"separator_off\" >\u00c7al\u0131\u015fma Prensiplerimiz<\/h2><\/header>[vc_empty_space height=&#8221;20px&#8221;][vc_toggle title=&#8221;1. Merak edilenleri h\u0131zl\u0131 yan\u0131tlar\u0131z.&#8221; css_animation=&#8221;fadeIn&#8221;]Tincidunt elit magnis nulla facilisis. Dolor sagittis maecenas. Sapien nunc amet ultrices, dolores sit ipsum velit purus aliquet, massa fringilla leo orci.[\/vc_toggle][vc_toggle title=&#8221;2. Organizasyona uyumlu \u00e7al\u0131\u015f\u0131r\u0131z&#8221; css_animation=&#8221;fadeIn&#8221;]Tincidunt elit magnis nulla facilisis. Dolor sagittis maecenas. Sapien nunc amet ultrices, dolores sit ipsum velit purus aliquet, massa fringilla leo orci.[\/vc_toggle][vc_toggle title=&#8221;3. Yenilik\u00e7i \u00e7\u00f6z\u00fcmler sunar\u0131z&#8221; css_animation=&#8221;fadeIn&#8221;]Tincidunt elit magnis nulla facilisis. Dolor sagittis maecenas. Sapien nunc amet ultrices, dolores sit ipsum velit purus aliquet, massa fringilla leo orci.[\/vc_toggle][\/vc_column_inner][vc_column_inner width=&#8221;1\/4&#8243; offset=&#8221;vc_hidden-sm vc_hidden-xs&#8221;][\/vc_column_inner][\/vc_row_inner][\/vc_column][vc_column width=&#8221;1\/2&#8243; css=&#8221;.vc_custom_1541520744863{padding-top: 0px !important;}&#8221; offset=&#8221;vc_col-lg-6 vc_col-md-12&#8243;][vc_row_inner css=&#8221;.vc_custom_1541520754973{padding-top: 200px !important;padding-bottom: 200px !important;background-image: url(https:\/\/www.ekko-wp.com\/wp-content\/uploads\/sites\/3\/2019\/04\/startup5.jpg) !important;background-position: center !important;background-repeat: no-repeat !important;background-size: cover !important;}&#8221;][vc_column_inner css=&#8221;.vc_custom_1511789291663{padding-top: 0px !important;padding-bottom: 0px !important;}&#8221;][vc_empty_space height=&#8221;250px&#8221;][\/vc_column_inner][\/vc_row_inner][\/vc_column][\/vc_row]<\/p>\n<\/div>","protected":false},"excerpt":{"rendered":"<p>[vc_row full_width=&#8221;stretch_row&#8221; video_bg=&#8221;yes&#8221; video_bg_url=&#8221;https:\/\/www.youtube.com\/watch?v=vM7wj93U5yY&#8221; kd_image_overlay_color=&#8221;rgba(0,0,0,0.7)&#8221; kd_image_overlay=&#8221;true&#8221; css=&#8221;.vc_custom_1650272579241{padding-top: 260px !important;padding-bottom: 200px !important;background-image: url(http:\/\/www.orneksrc.com\/b1\/wp-content\/uploads\/2022\/04\/kurumsal-yeni-gorsel.jpg?id=7541) !important;}&#8221;][vc_column css=&#8221;.vc_custom_1513003956648{padding-top: 0px [&hellip;]<\/p>\n","protected":false},"author":1,"featured_media":0,"parent":0,"menu_order":0,"comment_status":"closed","ping_status":"closed","template":"","meta":{"footnotes":""},"class_list":["post-5724","page","type-page","status-publish","hentry"],"_links":{"self":[{"href":"https:\/\/www.orneksrc.com\/b1\/wp-json\/wp\/v2\/pages\/5724","targetHints":{"allow":["GET"]}}],"collection":[{"href":"https:\/\/www.orneksrc.com\/b1\/wp-json\/wp\/v2\/pages"}],"about":[{"href":"https:\/\/www.orneksrc.com\/b1\/wp-json\/wp\/v2\/types\/page"}],"author":[{"embeddable":true,"href":"https:\/\/www.orneksrc.com\/b1\/wp-json\/wp\/v2\/users\/1"}],"replies":[{"embeddable":true,"href":"https:\/\/www.orneksrc.com\/b1\/wp-json\/wp\/v2\/comments?post=5724"}],"version-history":[{"count":21,"href":"https:\/\/www.orneksrc.com\/b1\/wp-json\/wp\/v2\/pages\/5724\/revisions"}],"predecessor-version":[{"id":7653,"href":"https:\/\/www.orneksrc.com\/b1\/wp-json\/wp\/v2\/pages\/5724\/revisions\/7653"}],"wp:attachment":[{"href":"https:\/\/www.orneksrc.com\/b1\/wp-json\/wp\/v2\/media?parent=5724"}],"curies":[{"name":"wp","href":"https:\/\/api.w.org\/{rel}","templated":true}]}}