{"id":5730,"date":"2018-10-22T13:46:13","date_gmt":"2018-10-22T13:46:13","guid":{"rendered":"https:\/\/www.ekko-wp.com\/?page_id=5730"},"modified":"2022-04-19T10:19:26","modified_gmt":"2022-04-19T10:19:26","slug":"egitimlerimiz","status":"publish","type":"page","link":"https:\/\/www.orneksrc.com\/b1\/egitimlerimiz\/","title":{"rendered":"E\u011fitimlerimiz"},"content":{"rendered":"<div class=\"wpb-content-wrapper\"><p>[vc_row css=&#8221;.vc_custom_1556018461316{margin-top: -50px !important;padding-top: 0px !important;padding-bottom: 150px !important;}&#8221;][vc_column]<div class=\"feature-sections-wrapper kd-fsp-69d0683643730 \">\r\n            <section class=\"feature-sections-tabs  \">\r\n              <nav class=\"kd-feature-tabs\">\r\n                <ul class=\"nav nav-tabs sticky-tabs container\">\r\n                <\/ul>\r\n              <\/nav>\r\n            <\/section>\r\n            <section id=\"kd-fss-69d0683643825\" class=\"featured-right \"><li class=\"nav-label\"><a class=\"feature-tabs-scroll\" href=\"#kd-fss-69d0683643825\"><i class=\" fss-nav-icon\" style=\" \"><\/i> S\u00fcr\u00fcc\u00fc Belgeleri<\/a><\/li><div class=\"container\">\r\n                <div class=\"side-content-wrapper kd-animated fadeInLeft\" data-animation-delay=\"200\"><i class=\"iconsmind-Credit-Card3 iconsmind-Business-Finance section-icon\" style=\" \"><\/i> <h2 class=\"side-content-title\" >S\u00fcr\u00fcc\u00fc Belgeleri<\/h2><h6 class=\"side-content-subtitle\" >Kurumumuz A, B, D, E, G ve H s\u0131n\u0131f\u0131 belgeler i\u00e7in tam yetkilidir.<\/h6><div class=\"side-content-link sc-primary-btn\"><a href=\"\/surucu-belgeleri\/\" target=\"_self\" title=\"Detaylar i\u00e7in t\u0131klay\u0131n\u0131z\" class=\"tt_button tt_primary_button btn_primary_color button-action-link\">Detaylar i\u00e7in t\u0131klay\u0131n\u0131z<\/a><\/div><\/div><div class=\"side-featured-wrapper fss-rectangle kd-animated fadeInRight fss-shadow-image\" data-animation-delay=\"200\">\r\n      <div class=\"featured-image\"><a data-size=\"949x639\" href=https:\/\/www.orneksrc.com\/b1\/wp-content\/uploads\/2022\/04\/egitim-1.jpg><img loading=\"lazy\" decoding=\"async\" width=\"949\" height=\"639\" src=\"https:\/\/www.orneksrc.com\/b1\/wp-content\/uploads\/2022\/04\/egitim-1.jpg\" class=\"attachment-full\" alt=\"\" title=\"egitim-1\" srcset=\"https:\/\/www.orneksrc.com\/b1\/wp-content\/uploads\/2022\/04\/egitim-1.jpg 949w, https:\/\/www.orneksrc.com\/b1\/wp-content\/uploads\/2022\/04\/egitim-1-300x202.jpg 300w, https:\/\/www.orneksrc.com\/b1\/wp-content\/uploads\/2022\/04\/egitim-1-768x517.jpg 768w\" sizes=\"auto, (max-width: 949px) 100vw, 949px\" \/><\/a><\/div>\r\n    <\/div><\/div>\r\n            <\/section><section id=\"kd-fss-69d0683644828\" class=\"featured-left \"><li class=\"nav-label\"><a class=\"feature-tabs-scroll\" href=\"#kd-fss-69d0683644828\"><i class=\" fss-nav-icon\" style=\" \"><\/i> \u0130\u015f Makineleri Kursu<\/a><\/li><div class=\"container\">\r\n                <div class=\"side-content-wrapper kd-animated fadeInRight\" data-animation-delay=\"200\"><i class=\"iconsmind-Jeep-2 iconsmind-Transportation section-icon\" style=\" \"><\/i> <h2 class=\"side-content-title\" >\u0130\u015f Makineleri Kursu<\/h2><h6 class=\"side-content-subtitle\" >Amac\u0131m\u0131z ticari bir kazan\u00e7tan ziyade operat\u00f6r yeti\u015ftirmeyi ilke edinen bir kurum olmakt\u0131r.<\/h6><div class=\"side-content-link sc-primary-btn\"><a href=\"#\" target=\"_self\" title=\"Detaylar i\u00e7in t\u0131klay\u0131n\u0131z\" class=\"tt_button tt_primary_button btn_primary_color button-action-link\">Detaylar i\u00e7in t\u0131klay\u0131n\u0131z<\/a><\/div><\/div><div class=\"side-featured-wrapper fss-rectangle kd-animated fadeInLeft fss-shadow-image\" data-animation-delay=\"200\">\r\n      <div class=\"featured-image\"><a data-size=\"949x639\" href=https:\/\/www.orneksrc.com\/b1\/wp-content\/uploads\/2022\/04\/egitim-2.jpg><img loading=\"lazy\" decoding=\"async\" width=\"949\" height=\"639\" src=\"https:\/\/www.orneksrc.com\/b1\/wp-content\/uploads\/2022\/04\/egitim-2.jpg\" class=\"attachment-full\" alt=\"\" title=\"egitim-2\" srcset=\"https:\/\/www.orneksrc.com\/b1\/wp-content\/uploads\/2022\/04\/egitim-2.jpg 949w, https:\/\/www.orneksrc.com\/b1\/wp-content\/uploads\/2022\/04\/egitim-2-300x202.jpg 300w, https:\/\/www.orneksrc.com\/b1\/wp-content\/uploads\/2022\/04\/egitim-2-768x517.jpg 768w\" sizes=\"auto, (max-width: 949px) 100vw, 949px\" \/><\/a><\/div>\r\n    <\/div><\/div>\r\n            <\/section><section id=\"kd-fss-69d0683644e8c\" class=\"featured-right \"><li class=\"nav-label\"><a class=\"feature-tabs-scroll\" href=\"#kd-fss-69d0683644e8c\"><i class=\" fss-nav-icon\" style=\" \"><\/i> SRC Belgeleri<\/a><\/li><div class=\"container\">\r\n                <div class=\"side-content-wrapper kd-animated fadeInLeft\" data-animation-delay=\"200\"><i class=\"iconsmind-Credit-Card2 iconsmind-Business-Finance section-icon\" style=\" \"><\/i> <h2 class=\"side-content-title\" >SRC Belgeleri<\/h2><h6 class=\"side-content-subtitle\" >SRC belgesi, y\u00fck ve yolcu ta\u015f\u0131mac\u0131l\u0131\u011f\u0131 i\u00e7in gereklilik arz eden mesleki yeterlilik belgesi olarak tan\u0131mlanabilir. SRC belgesine ek olarak ehliyet ve psikoteknik rapor da y\u00fck ve yolcu ta\u015f\u0131mac\u0131l\u0131\u011f\u0131 i\u00e7in sahip olunmas\u0131 gereken belgelerdendir.<\/h6><div class=\"side-content-link sc-primary-btn\"><a href=\"#\" target=\"_self\" title=\"Detaylar i\u00e7in t\u0131klay\u0131n\u0131z\" class=\"tt_button tt_primary_button btn_primary_color button-action-link\">Detaylar i\u00e7in t\u0131klay\u0131n\u0131z<\/a><\/div><\/div><div class=\"side-featured-wrapper fss-rectangle kd-animated fadeInRight fss-shadow-image\" data-animation-delay=\"200\">\r\n      <div class=\"featured-image\"><a data-size=\"949x639\" href=https:\/\/www.orneksrc.com\/b1\/wp-content\/uploads\/2022\/04\/egitim-3.jpg><img loading=\"lazy\" decoding=\"async\" width=\"949\" height=\"639\" src=\"https:\/\/www.orneksrc.com\/b1\/wp-content\/uploads\/2022\/04\/egitim-3.jpg\" class=\"attachment-full\" alt=\"\" title=\"egitim-3\" srcset=\"https:\/\/www.orneksrc.com\/b1\/wp-content\/uploads\/2022\/04\/egitim-3.jpg 949w, https:\/\/www.orneksrc.com\/b1\/wp-content\/uploads\/2022\/04\/egitim-3-300x202.jpg 300w, https:\/\/www.orneksrc.com\/b1\/wp-content\/uploads\/2022\/04\/egitim-3-768x517.jpg 768w\" sizes=\"auto, (max-width: 949px) 100vw, 949px\" \/><\/a><\/div>\r\n    <\/div><\/div>\r\n            <\/section><section id=\"kd-fss-69d06836452cc\" class=\"featured-left \"><li class=\"nav-label\"><a class=\"feature-tabs-scroll\" href=\"#kd-fss-69d06836452cc\"><i class=\" fss-nav-icon\" style=\" \"><\/i> SRC 5 - Tehlikeli Madde E\u011fitimleri<\/a><\/li><div class=\"container\">\r\n                <div class=\"side-content-wrapper kd-animated fadeInRight\" data-animation-delay=\"200\"><i class=\"iconsmind-File-Fire iconsmind-Files-Class section-icon\" style=\" \"><\/i> <h2 class=\"side-content-title\" >SRC 5 - Tehlikeli Madde E\u011fitimleri<\/h2><h6 class=\"side-content-subtitle\" >2010 y\u0131l\u0131nda ADR ye taraf olan T\u00fcrkiye 2014 y\u0131l\u0131 itibariyle Tehlikeli Maddelerin Karayolunda Ta\u015f\u0131nmas\u0131na Hakk\u0131nda Y\u00f6netmelik kapsam\u0131nda ADR h\u00fck\u00fcmlerini uygulamaya ba\u015flam\u0131\u015ft\u0131r.<\/h6><div class=\"side-content-link sc-primary-btn\"><a href=\"#\" target=\"_self\" title=\"Detaylar i\u00e7in t\u0131klay\u0131n\u0131z\" class=\"tt_button tt_primary_button btn_primary_color button-action-link\">Detaylar i\u00e7in t\u0131klay\u0131n\u0131z<\/a><\/div><\/div><div class=\"side-featured-wrapper fss-rectangle kd-animated fadeInLeft fss-shadow-image\" data-animation-delay=\"200\">\r\n      <div class=\"featured-image\"><a data-size=\"949x639\" href=https:\/\/www.orneksrc.com\/b1\/wp-content\/uploads\/2022\/04\/egitim-4.jpg><img loading=\"lazy\" decoding=\"async\" width=\"949\" height=\"639\" src=\"https:\/\/www.orneksrc.com\/b1\/wp-content\/uploads\/2022\/04\/egitim-4.jpg\" class=\"attachment-full\" alt=\"\" title=\"egitim-4\" srcset=\"https:\/\/www.orneksrc.com\/b1\/wp-content\/uploads\/2022\/04\/egitim-4.jpg 949w, https:\/\/www.orneksrc.com\/b1\/wp-content\/uploads\/2022\/04\/egitim-4-300x202.jpg 300w, https:\/\/www.orneksrc.com\/b1\/wp-content\/uploads\/2022\/04\/egitim-4-768x517.jpg 768w\" sizes=\"auto, (max-width: 949px) 100vw, 949px\" \/><\/a><\/div>\r\n    <\/div><\/div>\r\n            <\/section>\r\n            <\/div><style type=\"text\/css\"><\/style>[vc_empty_space height=&#8221;80px&#8221;][\/vc_column][\/vc_row]<\/p>\n<\/div>","protected":false},"excerpt":{"rendered":"<p>[vc_row css=&#8221;.vc_custom_1556018461316{margin-top: -50px !important;padding-top: 0px !important;padding-bottom: 150px !important;}&#8221;][vc_column][vc_empty_space height=&#8221;80px&#8221;][\/vc_column][\/vc_row]<\/p>\n","protected":false},"author":1,"featured_media":7597,"parent":0,"menu_order":0,"comment_status":"closed","ping_status":"closed","template":"","meta":{"footnotes":""},"class_list":["post-5730","page","type-page","status-publish","has-post-thumbnail","hentry"],"_links":{"self":[{"href":"https:\/\/www.orneksrc.com\/b1\/wp-json\/wp\/v2\/pages\/5730","targetHints":{"allow":["GET"]}}],"collection":[{"href":"https:\/\/www.orneksrc.com\/b1\/wp-json\/wp\/v2\/pages"}],"about":[{"href":"https:\/\/www.orneksrc.com\/b1\/wp-json\/wp\/v2\/types\/page"}],"author":[{"embeddable":true,"href":"https:\/\/www.orneksrc.com\/b1\/wp-json\/wp\/v2\/users\/1"}],"replies":[{"embeddable":true,"href":"https:\/\/www.orneksrc.com\/b1\/wp-json\/wp\/v2\/comments?post=5730"}],"version-history":[{"count":23,"href":"https:\/\/www.orneksrc.com\/b1\/wp-json\/wp\/v2\/pages\/5730\/revisions"}],"predecessor-version":[{"id":7706,"href":"https:\/\/www.orneksrc.com\/b1\/wp-json\/wp\/v2\/pages\/5730\/revisions\/7706"}],"wp:featuredmedia":[{"embeddable":true,"href":"https:\/\/www.orneksrc.com\/b1\/wp-json\/wp\/v2\/media\/7597"}],"wp:attachment":[{"href":"https:\/\/www.orneksrc.com\/b1\/wp-json\/wp\/v2\/media?parent=5730"}],"curies":[{"name":"wp","href":"https:\/\/api.w.org\/{rel}","templated":true}]}}