{"id":5750,"date":"2018-10-22T13:48:22","date_gmt":"2018-10-22T13:48:22","guid":{"rendered":"https:\/\/www.ekko-wp.com\/?page_id=5750"},"modified":"2022-05-01T15:05:05","modified_gmt":"2022-05-01T15:05:05","slug":"iletisim","status":"publish","type":"page","link":"https:\/\/www.orneksrc.com\/b1\/iletisim\/","title":{"rendered":"\u0130leti\u015fim"},"content":{"rendered":"<div class=\"wpb-content-wrapper\"><p>[vc_row full_width=&#8221;stretch_row&#8221; css=&#8221;.vc_custom_1555664963336{margin-top: -50px !important;background-color: #f5f5f5 !important;}&#8221;][vc_column css=&#8221;.vc_custom_1555664781539{padding-right: 0px !important;padding-left: 0px !important;}&#8221;][vc_row_inner css=&#8221;.vc_custom_1555664968490{padding-top: 100px !important;padding-bottom: 70px !important;}&#8221;][vc_column_inner width=&#8221;1\/3&#8243;]<a href=\"https:\/\/goo.gl\/maps\/oAdBQ5WuLxU2Y2Ue9\" target=\"\"><div class=\"cb-container cb-cont-left\" style=\"background-color: #fff;\" ><div class=\"cb-img-area\"><i class=\"iconsmind-Map-Marker2 iconsmind-Maps-Locations\" style=\"font-size: 40px; color: #f76f1d;\"><\/i> <\/div><div class=\"cb-text-area\">\n                    <h4 class=\"cb-heading \" >Adres<\/h4><p >\u0130zzetpa\u015fa Mah. Yeni Cad. Onur \u0130\u015fhan\u0131, No: 15 Kat:2-3 Mecidiyek\u00f6y \/ \u015ei\u015fli<\/p><\/div><\/div><\/a>[\/vc_column_inner][vc_column_inner width=&#8221;1\/3&#8243;]<a href=\"#\" target=\"\"><div class=\"cb-container cb-cont-left\" style=\"background-color: #fff;\" ><div class=\"cb-img-area\"><i class=\"iconsmind-Phone-2 iconsmind-Desktop-apps\" style=\" color: #f76f1d;\"><\/i> <\/div><div class=\"cb-text-area\">\n                    <h4 class=\"cb-heading \" >Telefon<\/h4><p >0212 527 09 50<br \/>\n0212 526 19 49<\/p><\/div><\/div><\/a>[\/vc_column_inner][vc_column_inner width=&#8221;1\/3&#8243;]<a href=\"#\" target=\"\"><div class=\"cb-container cb-cont-left\" style=\"background-color: #fff;\" ><div class=\"cb-img-area\"><i class=\"iconsmind-Mail iconsmind-Emails\" style=\" color: #f76f1d;\"><\/i> <\/div><div class=\"cb-text-area\">\n                    <h4 class=\"cb-heading \" >E-Posta<\/h4><p >info@markab.com.tr<br \/>\n.<\/p><\/div><\/div><\/a>[\/vc_column_inner][\/vc_row_inner][\/vc_column][\/vc_row][vc_row full_width=&#8221;stretch_row&#8221;][vc_column css=&#8221;.vc_custom_1516095665984{padding-right: 0px !important;padding-left: 0px !important;}&#8221;][vc_row_inner css=&#8221;.vc_custom_1556019873852{padding-bottom: 0px !important;}&#8221;][vc_column_inner width=&#8221;2\/3&#8243; css=&#8221;.vc_custom_1519832372870{padding-bottom: 100px !important;padding-left: 15px !important;}&#8221; offset=&#8221;vc_col-lg-6 vc_col-md-12&#8243;]<script>\r\n\r\n                    function initKdMap_kd69d07dd649489() {\r\n                      var map_kd69d07dd649489;\r\n        \t\t\t\t\t\t\tvar gmap_location_kd69d07dd649489 = new google.maps.LatLng(40.7595704, 29.7839438);\r\n        \t\t\t\t\t\t\tvar GMAP_MODULE_kd69d07dd649489 = \"customMap\";\r\n      \t\t\t\t\t\t\t\tvar featureOpts = [\r\n      \t\t\t\t\t\t\t\t\t\t\t{\r\n      \t\t\t\t\t\t\t\t\t\t\t  stylers: [\r\n      \t\t\t\t\t\t\t\t\t\t\t\t{ \"visibility\": \"on\" },\r\n      \t\t\t\t\t\t\t\t\t\t\t\t{ \"weight\": 1 },\r\n      \t\t\t\t\t\t\t\t\t\t\t\t{ \"saturation\": -100 },\r\n      \t\t\t\t\t\t\t\t\t\t\t\t{ \"lightness\": 2.2 },\r\n      \t\t\t\t\t\t\t\t\t\t\t\t{ \"gamma\": 2.2 }\r\n      \t\t\t\t\t\t\t\t\t\t\t  ]\r\n      \t\t\t\t\t\t\t\t\t\t\t}, {\r\n                                featureType: \"poi\",\r\n                                stylers: [\r\n                                  { \"visibility\": \"off\" }\r\n                                ]\r\n                              }\r\n      \t\t\t\t\t\t\t\t\t\t];\r\n      \t\t\t\t\t\t\t\tvar mapOptions = {\r\n      \t\t\t\t\t\t\t\t\tzoom: 16,\r\n      \t\t\t\t\t\t\t\t\tcenter: gmap_location_kd69d07dd649489,\r\n                        scrollwheel: false,\r\n      \t\t\t\t\t\t\t\t\tmapTypeControlOptions: {\r\n      \t\t\t\t\t\t\t\t\t\tmapTypeIds: [google.maps.MapTypeId.ROADMAP, GMAP_MODULE_kd69d07dd649489]\r\n      \t\t\t\t\t\t\t\t\t},\r\n      \t\t\t\t\t\t\t\t\tmapTypeId: GMAP_MODULE_kd69d07dd649489\r\n      \t\t\t\t\t\t\t\t};\r\n      \t\t\t\t\t\t\t\tmap_kd69d07dd649489 = new google.maps.Map(document.getElementById(\"kd69d07dd649489\"), mapOptions);\r\n      \t\t\t\t\t\t\t\tmarker_kd69d07dd649489 = new google.maps.Marker({\r\n      \t\t\t\t\t\t\t\t\tmap: map_kd69d07dd649489,\r\n      \t\t\t\t\t\t\t\t\tdraggable: false,\r\n      \t\t\t\t\t\t\t\t\tanimation: google.maps.Animation.DROP,\r\n      \t\t\t\t\t\t\t\t\tposition: gmap_location_kd69d07dd649489,\r\n      \t\t\t\t\t\t\t\t\ticon: \"\/wp-content\/uploads\/2022\/04\/kumlu-map.png\"\r\n      \t\t\t\t\t\t\t\t  });\r\n      \t\t\t\t\t\t\t\tgoogle.maps.event.addListener(marker_kd69d07dd649489, \"click\", function() {\r\n      \t\t\t\t\t\t\t\t\tif (marker_kd69d07dd649489.getAnimation() != null) {\r\n      \t\t\t\t\t\t\t\t\t\tmarker_kd69d07dd649489.setAnimation(null);\r\n      \t\t\t\t\t\t\t\t\t} else {\r\n      \t\t\t\t\t\t\t\t\t\tmarker_kd69d07dd649489.setAnimation(google.maps.Animation.BOUNCE);\r\n      \t\t\t\t\t\t\t\t\t}\r\n      \t\t\t\t\t\t\t\t});\r\n      \t\t\t\t\t\t\t\tvar styledMapOptions = {\r\n      \t\t\t\t\t\t\t\t\tname: \"\u00d6zel Kumlu E\u011fitim Kurumlar\u0131\"\r\n      \t\t\t\t\t\t\t\t};\r\n      \t\t\t\t\t\t\t\tvar customMapType_kd69d07dd649489 = new google.maps.StyledMapType(featureOpts, styledMapOptions);\r\n      \t\t\t\t\t\t\t\tmap_kd69d07dd649489.mapTypes.set(GMAP_MODULE_kd69d07dd649489, customMapType_kd69d07dd649489);\r\n                      }\r\n                      jQuery(window).on(\"load\", function() {\r\n                        initKdMap_kd69d07dd649489();\r\n                      });\r\n      \t\t\t\t\t\t<\/script><div class=\"contact-map-container hidden_info_panel\" style=\"height: 480px;\"><div id=\"kd69d07dd649489\" class=\"kd_map\" style=\"height: 480px;\"><\/div>\r\n\r\n            <\/div>[\/vc_column_inner][vc_column_inner width=&#8221;1\/3&#8243; css=&#8221;.vc_custom_1650014917426{padding-right: 15px !important;padding-bottom: 50px !important;padding-left: 50px !important;}&#8221; offset=&#8221;vc_col-lg-6 vc_col-md-12&#8243;]<header class=\"kd-section-title col-lg-12 text-left    \" ><h2 class=\"separator_off\" >H\u0131zl\u0131 \u0130leti\u015fim Formu<\/h2><h6 class=\"subtitle \" >\u00d6nerileriniz veya bilgi almak i\u00e7in bizlere ula\u015fabilirsiniz.<\/h6><\/header>[vc_empty_space height=&#8221;10px&#8221;]<div class=\"kd-contact-form full-width-cf white-input-bg\" >\n<div class=\"wpcf7 no-js\" id=\"wpcf7-f5208-o1\" lang=\"en-US\" dir=\"ltr\" data-wpcf7-id=\"5208\">\n<div class=\"screen-reader-response\"><p role=\"status\" aria-live=\"polite\" aria-atomic=\"true\"><\/p> <ul><\/ul><\/div>\n<form action=\"\/b1\/wp-json\/wp\/v2\/pages\/5750#wpcf7-f5208-o1\" method=\"post\" class=\"wpcf7-form init\" aria-label=\"Contact form\" novalidate=\"novalidate\" data-status=\"init\">\n<div style=\"display: none;\">\n<input type=\"hidden\" name=\"_wpcf7\" value=\"5208\" \/>\n<input type=\"hidden\" name=\"_wpcf7_version\" value=\"6.0.1\" \/>\n<input type=\"hidden\" name=\"_wpcf7_locale\" value=\"en_US\" \/>\n<input type=\"hidden\" name=\"_wpcf7_unit_tag\" value=\"wpcf7-f5208-o1\" \/>\n<input type=\"hidden\" name=\"_wpcf7_container_post\" value=\"0\" \/>\n<input type=\"hidden\" name=\"_wpcf7_posted_data_hash\" value=\"\" \/>\n<\/div>\n<p><span class=\"wpcf7-form-control-wrap\" data-name=\"adiniz\"><input size=\"40\" maxlength=\"400\" class=\"wpcf7-form-control wpcf7-text wpcf7-validates-as-required\" aria-required=\"true\" aria-invalid=\"false\" placeholder=\"Ad\u0131n\u0131z Soyad\u0131n\u0131z\" value=\"\" type=\"text\" name=\"adiniz\" \/><\/span><br \/>\n<span class=\"wpcf7-form-control-wrap\" data-name=\"posta\"><input size=\"40\" maxlength=\"400\" class=\"wpcf7-form-control wpcf7-email wpcf7-validates-as-required wpcf7-text wpcf7-validates-as-email\" aria-required=\"true\" aria-invalid=\"false\" placeholder=\"E-Posta Adresiniz\" value=\"\" type=\"email\" name=\"posta\" \/><\/span><br \/>\n<span class=\"wpcf7-form-control-wrap\" data-name=\"tel-kumlu\"><input size=\"40\" maxlength=\"400\" class=\"wpcf7-form-control wpcf7-tel wpcf7-validates-as-required wpcf7-text wpcf7-validates-as-tel\" aria-required=\"true\" aria-invalid=\"false\" placeholder=\"Telefon Numaran\u0131z\" value=\"\" type=\"tel\" name=\"tel-kumlu\" \/><\/span><br \/>\n<span class=\"wpcf7-form-control-wrap\" data-name=\"konu\"><textarea cols=\"40\" rows=\"10\" maxlength=\"2000\" class=\"wpcf7-form-control wpcf7-textarea\" aria-invalid=\"false\" placeholder=\"Konu-\u0130\u00e7erik\" name=\"konu\"><\/textarea><\/span><br \/>\n<input class=\"wpcf7-form-control wpcf7-submit has-spinner\" type=\"submit\" value=\"G\u00f6nder\" \/>\n<\/p><div class=\"wpcf7-response-output\" aria-hidden=\"true\"><\/div>\n<\/form>\n<\/div>\n<\/div>[\/vc_column_inner][\/vc_row_inner][\/vc_column][\/vc_row]<\/p>\n<\/div>","protected":false},"excerpt":{"rendered":"<p>[vc_row full_width=&#8221;stretch_row&#8221; css=&#8221;.vc_custom_1555664963336{margin-top: -50px !important;background-color: #f5f5f5 !important;}&#8221;][vc_column css=&#8221;.vc_custom_1555664781539{padding-right: 0px !important;padding-left: 0px !important;}&#8221;][vc_row_inner css=&#8221;.vc_custom_1555664968490{padding-top: 100px !important;padding-bottom: [&hellip;]<\/p>\n","protected":false},"author":1,"featured_media":7367,"parent":0,"menu_order":0,"comment_status":"closed","ping_status":"closed","template":"","meta":{"footnotes":""},"class_list":["post-5750","page","type-page","status-publish","has-post-thumbnail","hentry"],"_links":{"self":[{"href":"https:\/\/www.orneksrc.com\/b1\/wp-json\/wp\/v2\/pages\/5750","targetHints":{"allow":["GET"]}}],"collection":[{"href":"https:\/\/www.orneksrc.com\/b1\/wp-json\/wp\/v2\/pages"}],"about":[{"href":"https:\/\/www.orneksrc.com\/b1\/wp-json\/wp\/v2\/types\/page"}],"author":[{"embeddable":true,"href":"https:\/\/www.orneksrc.com\/b1\/wp-json\/wp\/v2\/users\/1"}],"replies":[{"embeddable":true,"href":"https:\/\/www.orneksrc.com\/b1\/wp-json\/wp\/v2\/comments?post=5750"}],"version-history":[{"count":20,"href":"https:\/\/www.orneksrc.com\/b1\/wp-json\/wp\/v2\/pages\/5750\/revisions"}],"predecessor-version":[{"id":7715,"href":"https:\/\/www.orneksrc.com\/b1\/wp-json\/wp\/v2\/pages\/5750\/revisions\/7715"}],"wp:featuredmedia":[{"embeddable":true,"href":"https:\/\/www.orneksrc.com\/b1\/wp-json\/wp\/v2\/media\/7367"}],"wp:attachment":[{"href":"https:\/\/www.orneksrc.com\/b1\/wp-json\/wp\/v2\/media?parent=5750"}],"curies":[{"name":"wp","href":"https:\/\/api.w.org\/{rel}","templated":true}]}}