{"id":5764,"date":"2018-10-22T13:49:53","date_gmt":"2018-10-22T13:49:53","guid":{"rendered":"https:\/\/www.ekko-wp.com\/?page_id=5764"},"modified":"2022-04-19T08:00:49","modified_gmt":"2022-04-19T08:00:49","slug":"kariyer","status":"publish","type":"page","link":"https:\/\/www.orneksrc.com\/b1\/kariyer\/","title":{"rendered":"Kariyer"},"content":{"rendered":"<div class=\"wpb-content-wrapper\"><p>[vc_row full_width=&#8221;stretch_row&#8221; css=&#8221;.vc_custom_1555680629746{margin-top: -50px !important;padding-top: 100px !important;background-color: #f5f5f5 !important;}&#8221;][vc_column css=&#8221;.vc_custom_1516008233239{padding-right: 0px !important;padding-left: 0px !important;}&#8221;][vc_row_inner css=&#8221;.vc_custom_1556020243036{margin-bottom: 30px !important;}&#8221;][vc_column_inner width=&#8221;1\/3&#8243;]<div class=\"key-icon-box icon-default icon-top cont-left ib-hover-1   custom-box\" style=\"background-color: #ffffff;\" ><a href=\"#\" target=\"\"><div class=\"ib-wrapper\"><i class=\"iconsmind-Search-People iconsmind-Seo-Icons\" style=\" color: #e07233;\"><\/i> <h3 class=\"service-heading\" >Direksiyon \u00d6\u011fretmeni<\/h3><p >5 Y\u0131l Deneyimli<br \/>\nDaha \u00f6nce Direksiyon e\u011fiticili\u011fi yapm\u0131\u015f<br \/>\nBay - Bayan e\u011fitmenler ar\u0131yoruz.<\/p>\n<p>--<\/p>\n<p>\u015eimdi Ba\u015fvur<\/p><\/div><\/a><\/div>[\/vc_column_inner][vc_column_inner width=&#8221;1\/3&#8243;]<div class=\"key-icon-box icon-default icon-top cont-left ib-hover-1   custom-box\" style=\"background-color: #ffffff;\" ><a href=\"#\" target=\"\"><div class=\"ib-wrapper\"><i class=\"iconsmind-Search-People iconsmind-Seo-Icons\" style=\" color: #e07233;\"><\/i> <h3 class=\"service-heading\" >Direksiyon \u00d6\u011fretmeni<\/h3><p >5 Y\u0131l Deneyimli<br \/>\nDaha \u00f6nce Direksiyon e\u011fiticili\u011fi yapm\u0131\u015f<br \/>\nBay - Bayan e\u011fitmenler ar\u0131yoruz.<\/p>\n<p>--<\/p>\n<p>\u015eimdi Ba\u015fvur<\/p><\/div><\/a><\/div>[\/vc_column_inner][vc_column_inner width=&#8221;1\/3&#8243;]<div class=\"key-icon-box icon-default icon-top cont-left ib-hover-1   custom-box\" style=\"background-color: #ffffff;\" ><a href=\"#\" target=\"\"><div class=\"ib-wrapper\"><i class=\"iconsmind-Search-People iconsmind-Seo-Icons\" style=\" color: #e07233;\"><\/i> <h3 class=\"service-heading\" >Direksiyon \u00d6\u011fretmeni<\/h3><p >5 Y\u0131l Deneyimli<br \/>\nDaha \u00f6nce Direksiyon e\u011fiticili\u011fi yapm\u0131\u015f<br \/>\nBay - Bayan e\u011fitmenler ar\u0131yoruz.<\/p>\n<p>--<\/p>\n<p>\u015eimdi Ba\u015fvur<\/p><\/div><\/a><\/div>[\/vc_column_inner][\/vc_row_inner][vc_empty_space height=&#8221;60px&#8221;][\/vc_column][\/vc_row]<\/p>\n<\/div>","protected":false},"excerpt":{"rendered":"<p>[vc_row full_width=&#8221;stretch_row&#8221; css=&#8221;.vc_custom_1555680629746{margin-top: -50px !important;padding-top: 100px !important;background-color: #f5f5f5 !important;}&#8221;][vc_column css=&#8221;.vc_custom_1516008233239{padding-right: 0px !important;padding-left: 0px !important;}&#8221;][vc_row_inner css=&#8221;.vc_custom_1556020243036{margin-bottom: [&hellip;]<\/p>\n","protected":false},"author":1,"featured_media":7365,"parent":0,"menu_order":0,"comment_status":"closed","ping_status":"closed","template":"","meta":{"footnotes":""},"class_list":["post-5764","page","type-page","status-publish","has-post-thumbnail","hentry"],"_links":{"self":[{"href":"https:\/\/www.orneksrc.com\/b1\/wp-json\/wp\/v2\/pages\/5764","targetHints":{"allow":["GET"]}}],"collection":[{"href":"https:\/\/www.orneksrc.com\/b1\/wp-json\/wp\/v2\/pages"}],"about":[{"href":"https:\/\/www.orneksrc.com\/b1\/wp-json\/wp\/v2\/types\/page"}],"author":[{"embeddable":true,"href":"https:\/\/www.orneksrc.com\/b1\/wp-json\/wp\/v2\/users\/1"}],"replies":[{"embeddable":true,"href":"https:\/\/www.orneksrc.com\/b1\/wp-json\/wp\/v2\/comments?post=5764"}],"version-history":[{"count":10,"href":"https:\/\/www.orneksrc.com\/b1\/wp-json\/wp\/v2\/pages\/5764\/revisions"}],"predecessor-version":[{"id":7682,"href":"https:\/\/www.orneksrc.com\/b1\/wp-json\/wp\/v2\/pages\/5764\/revisions\/7682"}],"wp:featuredmedia":[{"embeddable":true,"href":"https:\/\/www.orneksrc.com\/b1\/wp-json\/wp\/v2\/media\/7365"}],"wp:attachment":[{"href":"https:\/\/www.orneksrc.com\/b1\/wp-json\/wp\/v2\/media?parent=5764"}],"curies":[{"name":"wp","href":"https:\/\/api.w.org\/{rel}","templated":true}]}}