{"id":5766,"date":"2018-10-22T13:50:05","date_gmt":"2018-10-22T13:50:05","guid":{"rendered":"https:\/\/www.ekko-wp.com\/?page_id=5766"},"modified":"2022-04-19T07:54:54","modified_gmt":"2022-04-19T07:54:54","slug":"sikca-sorulan-sorular","status":"publish","type":"page","link":"https:\/\/www.orneksrc.com\/b1\/sikca-sorulan-sorular\/","title":{"rendered":"S\u0131k\u00e7a Sorulan Sorular"},"content":{"rendered":"<div class=\"wpb-content-wrapper\"><p>[vc_row full_width=&#8221;stretch_row_content_no_spaces&#8221; video_bg=&#8221;yes&#8221; video_bg_url=&#8221;https:\/\/www.youtube.com\/watch?v=mlNT2BbVdtk&#8221; kd_image_overlay_color=&#8221;rgba(0,0,0,0.7)&#8221; kd_image_overlay=&#8221;true&#8221; css=&#8221;.vc_custom_1556020335788{padding-top: 250px !important;padding-bottom: 180px !important;background: #1a1a1a url(https:\/\/www.ekko-wp.com\/wp-content\/uploads\/2018\/10\/blog3.jpg?id=7320) !important;background-position: center !important;background-repeat: no-repeat !important;background-size: cover !important;}&#8221;][vc_column][vc_row_inner el_class=&#8221;container&#8221; css=&#8221;.vc_custom_1540217256024{margin-bottom: 30px !important;}&#8221;][vc_column_inner width=&#8221;1\/4&#8243;][\/vc_column_inner][vc_column_inner width=&#8221;1\/2&#8243;]<header class=\"kd-section-title col-lg-12 text-center  kd-animated fadeIn  \" data-animation-delay=200><h1 class=\"separator_off\" style=\"color: #ffffff;\">Sizlere nas\u0131l yard\u0131mc\u0131 olabiliriz?<\/h1><\/header>[vc_empty_space height=&#8221;20px&#8221;][vc_wp_search][\/vc_column_inner][vc_column_inner width=&#8221;1\/4&#8243;][\/vc_column_inner][\/vc_row_inner][\/vc_column][\/vc_row][vc_row full_width=&#8221;stretch_row&#8221; disable_element=&#8221;yes&#8221; css=&#8221;.vc_custom_1650273622012{padding-top: 100px !important;padding-bottom: 50px !important;background-color: #f5f5f5 !important;}&#8221;][vc_column css=&#8221;.vc_custom_1542978138363{padding-right: 0px !important;padding-left: 0px !important;}&#8221;][vc_row_inner css=&#8221;.vc_custom_1556020322596{margin-bottom: 20px !important;padding-right: 0px !important;padding-left: 0px !important;}&#8221;][vc_column_inner width=&#8221;1\/3&#8243;]<div class=\"cb-container cb-cont-left   kd-animated fadeInUp\" style=\"background-color: #fff;\" ><div class=\"cb-img-area\"><i class=\"iconsmind-Book\" style=\" \"><\/i> <\/div><div class=\"cb-text-area\">\n                    <h4 class=\"cb-heading \" >Knowledge Base<\/h4><p >Lorem ipsum dolor sit amet, consectetur adipisicing elit. Lorem ipsum dolor sit amet.<\/p><\/div><\/div>[\/vc_column_inner][vc_column_inner width=&#8221;1\/3&#8243;]<div class=\"cb-container cb-cont-left   kd-animated fadeInUp\" style=\"background-color: #fff;\" data-animation-delay=200><div class=\"cb-img-area\"><i class=\"iconsmind-Video-5\" style=\" \"><\/i> <\/div><div class=\"cb-text-area\">\n                    <h4 class=\"cb-heading \" >Video Tutorials<\/h4><p >Lorem ipsum dolor sit amet, consectetur adipisicing elit. Lorem ipsum dolor sit amet.<\/p><\/div><\/div>[\/vc_column_inner][vc_column_inner width=&#8221;1\/3&#8243;]<div class=\"cb-container cb-cont-left   kd-animated fadeInUp\" style=\"background-color: #fff;\" data-animation-delay=400><div class=\"cb-img-area\"><i class=\"iconsmind-Support\" style=\" \"><\/i> <\/div><div class=\"cb-text-area\">\n                    <h4 class=\"cb-heading \" >Customer Support<\/h4><p >Lorem ipsum dolor sit amet, consectetur adipisicing elit. Lorem ipsum dolor sit amet.<\/p><\/div><\/div>[\/vc_column_inner][\/vc_row_inner][\/vc_column][\/vc_row][vc_row full_width=&#8221;stretch_row&#8221; css=&#8221;.vc_custom_1515751968085{padding-top: 100px !important;}&#8221;][vc_column css=&#8221;.vc_custom_1515752234075{padding-right: 0px !important;padding-left: 0px !important;}&#8221;][vc_row_inner][vc_column_inner]<header class=\"kd-section-title vc_col-lg-6 vc_col-sm-8 text-center  kd-animated fadeIn   vc_custom_1650014853056\" data-animation-delay=200><h2 class=\"separator_off\" >S\u0131k\u00e7a Sorulan Sorular<\/h2><h6 class=\"subtitle \" >Art\u0131k yard\u0131mc\u0131 olaca\u011f\u0131n\u0131 umdu\u011fumuz bir SSS listemiz var<br \/>\ndaha yayg\u0131n olanlardan baz\u0131lar\u0131na cevap veriyorsunuz.<\/h6><\/header>[\/vc_column_inner][\/vc_row_inner][vc_row_inner gap=&#8221;30&#8243; css=&#8221;.vc_custom_1555681526039{padding-bottom: 85px !important;}&#8221;][vc_column_inner css=&#8221;.vc_custom_1541160549301{padding-right: 0px !important;padding-left: 0px !important;}&#8221; offset=&#8221;vc_col-lg-6&#8243;][vc_toggle title=&#8221;1. Ehliyet al\u0131rken nelere dikkat etmeliyim?&#8221; css_animation=&#8221;none&#8221;]Tincidunt elit magnis nulla facilisis. Dolor sagittis maecenas. Sapien nunc amet ultrices, dolores sit ipsum velit purus aliquet, massa fringilla leo orci.[\/vc_toggle][vc_toggle title=&#8221;2. \u0130\u015f Makineleri kurslar\u0131n\u0131z ne zaman ba\u015fl\u0131yor?&#8221;]Tincidunt elit magnis nulla facilisis. Dolor sagittis maecenas. Sapien nunc amet ultrices, dolores sit ipsum velit purus aliquet, massa fringilla leo orci.[\/vc_toggle][vc_toggle title=&#8221;3. SRC 3 i\u00e7in gerekli evraklar neler?&#8221;]Tincidunt elit magnis nulla facilisis. Dolor sagittis maecenas. Sapien nunc amet ultrices, dolores sit ipsum velit purus aliquet, massa fringilla leo orci.[\/vc_toggle][\/vc_column_inner][vc_column_inner css=&#8221;.vc_custom_1541160556700{padding-right: 0px !important;padding-left: 0px !important;}&#8221; offset=&#8221;vc_col-lg-6&#8243;][vc_toggle title=&#8221;4. Ehliyet s\u0131n\u0131f\u0131lar\u0131 nelerdir?&#8221; css_animation=&#8221;none&#8221;]Tincidunt elit magnis nulla facilisis. Dolor sagittis maecenas. Sapien nunc amet ultrices, dolores sit ipsum velit purus aliquet, massa fringilla leo orci.[\/vc_toggle][vc_toggle title=&#8221;5. SRC Fiyatlar\u0131 y\u0131ll\u0131k olarak g\u00fcncellenir mi ?&#8221;]Tincidunt elit magnis nulla facilisis. Dolor sagittis maecenas. Sapien nunc amet ultrices, dolores sit ipsum velit purus aliquet, massa fringilla leo orci.[\/vc_toggle][vc_toggle title=&#8221;6. TMGD E\u011fitimleriniz ne zaman ba\u015fl\u0131yor?&#8221;]Tincidunt elit magnis nulla facilisis. Dolor sagittis maecenas. Sapien nunc amet ultrices, dolores sit ipsum velit purus aliquet, massa fringilla leo orci.[\/vc_toggle][\/vc_column_inner][\/vc_row_inner][\/vc_column][\/vc_row][vc_row full_width=&#8221;stretch_row&#8221; css=&#8221;.vc_custom_1555681550431{padding-top: 100px !important;background-color: #f5f5f5 !important;}&#8221;][vc_column css=&#8221;.vc_custom_1515677064675{padding-right: 0px !important;padding-left: 0px !important;}&#8221;][vc_row_inner][vc_column_inner]<header class=\"kd-section-title vc_col-lg-6 vc_col-sm-8 text-center  kd-animated fadeIn   vc_custom_1650273639649\" data-animation-delay=200><h2 class=\"separator_off\" >Son Duyuru ve \u0130\u00e7erikler<\/h2><\/header>[\/vc_column_inner][\/vc_row_inner][vc_row_inner css=&#8221;.vc_custom_1541417234781{padding-bottom: 100px !important;}&#8221;][vc_column_inner][vc_basic_grid post_type=&#8221;post&#8221; max_items=&#8221;3&#8243; item=&#8221;3729&#8243; grid_id=&#8221;vc_gid:1650354679065-270b6621-41b1-5&#8243; taxonomies=&#8221;2&#8243;][\/vc_column_inner][\/vc_row_inner][\/vc_column][\/vc_row][vc_row full_width=&#8221;stretch_row&#8221; disable_element=&#8221;yes&#8221;][vc_column][vc_row_inner css=&#8221;.vc_custom_1511348417220{padding-top: 100px !important;padding-bottom: 100px !important;}&#8221;][vc_column_inner width=&#8221;1\/4&#8243;][\/vc_column_inner][vc_column_inner width=&#8221;1\/2&#8243;]<header class=\"kd-section-title col-lg-12 text-center  kd-animated fadeIn   vc_custom_1541678490519\" data-animation-delay=200><h2 class=\"separator_off\" >Ekko is a fully packed practical tool of premium built and design!<\/h2><\/header><a  href=\"#\"  target=\"_self\"  title=\"\" class=\"tt_button tt_primary_button btn_primary_color  button-center button-action-link  kd-animated zoomIn\" data-animation-delay=200><span class=\"prim_text\">Get started<\/span><\/a>[vc_empty_space height=&#8221;25px&#8221;][vc_column_text css_animation=&#8221;fadeIn&#8221;]<\/p>\n<h6 style=\"text-align: center;\"><a href=\"#\">Learn more<\/a> about Ekko&#8217;s unique features.<\/h6>\n<p>[\/vc_column_text][\/vc_column_inner][vc_column_inner width=&#8221;1\/4&#8243;][\/vc_column_inner][\/vc_row_inner][\/vc_column][\/vc_row]<\/p>\n<\/div>","protected":false},"excerpt":{"rendered":"<p>[vc_row full_width=&#8221;stretch_row_content_no_spaces&#8221; video_bg=&#8221;yes&#8221; video_bg_url=&#8221;https:\/\/www.youtube.com\/watch?v=mlNT2BbVdtk&#8221; kd_image_overlay_color=&#8221;rgba(0,0,0,0.7)&#8221; kd_image_overlay=&#8221;true&#8221; css=&#8221;.vc_custom_1556020335788{padding-top: 250px !important;padding-bottom: 180px !important;background: #1a1a1a url(https:\/\/www.ekko-wp.com\/wp-content\/uploads\/2018\/10\/blog3.jpg?id=7320) !important;background-position: center [&hellip;]<\/p>\n","protected":false},"author":1,"featured_media":0,"parent":0,"menu_order":0,"comment_status":"closed","ping_status":"closed","template":"","meta":{"footnotes":""},"class_list":["post-5766","page","type-page","status-publish","hentry"],"_links":{"self":[{"href":"https:\/\/www.orneksrc.com\/b1\/wp-json\/wp\/v2\/pages\/5766","targetHints":{"allow":["GET"]}}],"collection":[{"href":"https:\/\/www.orneksrc.com\/b1\/wp-json\/wp\/v2\/pages"}],"about":[{"href":"https:\/\/www.orneksrc.com\/b1\/wp-json\/wp\/v2\/types\/page"}],"author":[{"embeddable":true,"href":"https:\/\/www.orneksrc.com\/b1\/wp-json\/wp\/v2\/users\/1"}],"replies":[{"embeddable":true,"href":"https:\/\/www.orneksrc.com\/b1\/wp-json\/wp\/v2\/comments?post=5766"}],"version-history":[{"count":7,"href":"https:\/\/www.orneksrc.com\/b1\/wp-json\/wp\/v2\/pages\/5766\/revisions"}],"predecessor-version":[{"id":7677,"href":"https:\/\/www.orneksrc.com\/b1\/wp-json\/wp\/v2\/pages\/5766\/revisions\/7677"}],"wp:attachment":[{"href":"https:\/\/www.orneksrc.com\/b1\/wp-json\/wp\/v2\/media?parent=5766"}],"curies":[{"name":"wp","href":"https:\/\/api.w.org\/{rel}","templated":true}]}}